{"id":1506,"date":"2015-02-05T10:20:33","date_gmt":"2015-02-05T10:20:33","guid":{"rendered":"http:\/\/wpcharming.wpengine.com\/construction\/?page_id=13"},"modified":"2024-11-07T18:08:11","modified_gmt":"2024-11-07T17:08:11","slug":"home","status":"publish","type":"page","link":"https:\/\/ochomogocr.com\/","title":{"rendered":"Inicio"},"content":{"rendered":"\t\t<div data-elementor-type=\"wp-page\" data-elementor-id=\"1506\" class=\"elementor elementor-1506\">\n\t\t\t\t\t\t<section class=\"elementor-section elementor-top-section elementor-element elementor-element-913f602 elementor-section-full_width elementor-section-height-default elementor-section-height-default\" data-id=\"913f602\" data-element_type=\"section\">\n\t\t\t\t\t\t<div class=\"elementor-container elementor-column-gap-default\">\n\t\t\t\t\t<div class=\"elementor-column elementor-col-100 elementor-top-column elementor-element elementor-element-40c001d\" data-id=\"40c001d\" data-element_type=\"column\">\n\t\t\t<div class=\"elementor-widget-wrap elementor-element-populated\">\n\t\t\t\t\t\t<div class=\"elementor-element elementor-element-fd62872 elementor-widget elementor-widget-slider_revolution\" data-id=\"fd62872\" data-element_type=\"widget\" data-widget_type=\"slider_revolution.default\">\n\t\t\t\t<div class=\"elementor-widget-container\">\n\t\t\t\n\t\t<div class=\"wp-block-themepunch-revslider\">\n\t\t\t\t<p class=\"rs-p-wp-fix\"><\/p>\n\t\t\t\t<sr7-module data-alias=\"Home1\" data-id=\"2\" id=\"SR7_2_1\" class=\"rs-ov-hidden\" data-version=\"6.7.18\">\n\t\t\t\t\t<sr7-adjuster><\/sr7-adjuster>\n\t\t\t\t\t<sr7-content>\n\t\t\t\t\t\t<sr7-slide id=\"SR7_2_1-3\" data-key=\"3\">\n\t\t\t\t\t\t\t<sr7-bg id=\"SR7_2_1-3-4\" class=\"sr7-layer\"><noscript><img decoding=\"async\" src=\"https:\/\/ochomogocr.com\/wp-content\/uploads\/2024\/10\/Figura-2-rotador.jpg\" alt=\"\" title=\"Figura 2 rotador\"><\/noscript><\/sr7-bg>\n\t\t\t\t\t\t\t<sr7-txt id=\"SR7_2_1-3-1\" class=\"sr7-layer\">BIENVENIDO<\/sr7-txt>\n\t\t\t\t\t\t\t<sr7-txt id=\"SR7_2_1-3-2\" class=\"sr7-layer\"><div class=\"slide-container\">\n<span class=\"slide-subtitle\">Contribuyendo a construir Cartago desde hace m\u00e1s de 50 a\u00f1os<\/span>\n<\/div><\/sr7-txt>\n\t\t\t\t\t\t\t<sr7-txt id=\"SR7_2_1-3-3\" class=\"sr7-layer\"><a class=\"btn btn-primary\" href=\"https:\/\/ochomogocr.com\/?page_id=21\">Qui\u00e9nes somos \u00bb<\/a><\/sr7-txt>\n\t\t\t\t\t\t<\/sr7-slide>\n\t\t\t\t\t\t<sr7-slide id=\"SR7_2_1-4\" data-key=\"4\">\n\t\t\t\t\t\t\t<sr7-bg id=\"SR7_2_1-4-6\" class=\"sr7-layer\"><noscript><img decoding=\"async\" src=\"https:\/\/ochomogocr.com\/wp-content\/uploads\/2024\/10\/FOTO-INICIO-min-scaled-e1728071629211.jpg\" alt=\"\" title=\"FOTO INICIO-min\"><\/noscript><\/sr7-bg>\n\t\t\t\t\t\t\t<sr7-txt id=\"SR7_2_1-4-1\" class=\"sr7-layer\">Calidad y variedad en cada producto<\/sr7-txt>\n\t\t\t\t\t\t\t<sr7-txt id=\"SR7_2_1-4-2\" class=\"sr7-layer\">Somos el mejor aliado en productos para la construcci\u00f3n<\/sr7-txt>\n\t\t\t\t\t\t\t<sr7-txt id=\"SR7_2_1-4-4\" class=\"sr7-layer\"><a class=\"btn btn-primary\" href=\"https:\/\/ochomogocr.com\/?page_id=9\">Ver productos \u00bb<\/a><\/sr7-txt>\n\t\t\t\t\t\t<\/sr7-slide>\n\t\t\t\t\t\t<sr7-slide id=\"SR7_2_1-5\" data-key=\"5\">\n\t\t\t\t\t\t\t<sr7-bg id=\"SR7_2_1-5-7\" class=\"sr7-layer\"><noscript><img decoding=\"async\" src=\"https:\/\/ochomogocr.com\/wp-content\/uploads\/2024\/09\/Servicios-Back-Hoe.jpeg\" alt=\"\" title=\"Servicios Back Hoe\"><\/noscript><\/sr7-bg>\n\t\t\t\t\t\t\t<sr7-txt id=\"SR7_2_1-5-1\" class=\"sr7-layer\">Innovamos en cada proyecto<\/sr7-txt>\n\t\t\t\t\t\t\t<sr7-txt id=\"SR7_2_1-5-2\" class=\"sr7-layer\">Llevamos tus proyectos al siguiente nivel con soluciones innovadoras<\/sr7-txt>\n\t\t\t\t\t\t\t<sr7-txt id=\"SR7_2_1-5-4\" class=\"sr7-layer\"><a class=\"btn btn-primary\" href=\"https:\/\/ochomogocr.com\/?page_id=370\">Explora proyectos \u00bb<\/a><\/sr7-txt>\n\t\t\t\t\t\t<\/sr7-slide>\n\t\t\t\t\t\t<sr7-slide id=\"SR7_2_1-6\" data-key=\"6\">\n\t\t\t\t\t\t\t<sr7-bg id=\"SR7_2_1-6-8\" class=\"sr7-layer\"><noscript><img decoding=\"async\" src=\"https:\/\/ochomogocr.com\/wp-content\/uploads\/2024\/09\/excavadora-cavando-suelo-luz-dia-1-scaled.jpg\" alt=\"\" title=\"excavadora-cavando-suelo-luz-dia (1)\"><\/noscript><\/sr7-bg>\n\t\t\t\t\t\t\t<sr7-txt id=\"SR7_2_1-6-1\" class=\"sr7-layer\">Servicios personalizados a tu medida<\/sr7-txt>\n\t\t\t\t\t\t\t<sr7-txt id=\"SR7_2_1-6-2\" class=\"sr7-layer\">Hacemos realidad tus ideas con nuestros servicios expertos<\/sr7-txt>\n\t\t\t\t\t\t\t<sr7-txt id=\"SR7_2_1-6-4\" class=\"sr7-layer\"><a class=\"btn btn-primary\" href=\"https:\/\/ochomogocr.com\/?page_id=17\">Descubre nuestros servicios \u00bb<\/a><\/sr7-txt>\n\t\t\t\t\t\t<\/sr7-slide>\n\t\t\t\t\t\t<sr7-slide id=\"SR7_2_1-7\" data-key=\"7\">\n\t\t\t\t\t\t<\/sr7-slide>\n\t\t\t\t\t<\/sr7-content>\n\t\t\t\t\t<image_lists style=\"display:none\">\n\t\t\t\t\t\t<img data-src=\"\/\/ochomogocr.com\/wp-content\/uploads\/2024\/10\/Figura-2-rotador.jpg\" data-libid=\"1806\" data-lib=\"medialibrary\" title=\"Figura 2 rotador\" width=\"0\" height=\"0\" data-dbsrc=\"Ly9vY2hvbW9nb2NyLmNvbS93cC1jb250ZW50L3VwbG9hZHMvMjAyNC8xMC9GaWd1cmEtMi1yb3RhZG9yLmpwZw==\"\/>\n\t\t\t\t\t\t<img data-src=\"\/\/ochomogocr.com\/wp-content\/uploads\/2024\/10\/FOTO-INICIO-min-scaled-e1728071629211.jpg\" data-libid=\"1736\" data-lib=\"medialibrary\" title=\"FOTO INICIO-min\" width=\"0\" height=\"0\" data-dbsrc=\"Ly9vY2hvbW9nb2NyLmNvbS93cC1jb250ZW50L3VwbG9hZHMvMjAyNC8xMC9GT1RPLUlOSUNJTy1taW4tc2NhbGVkLWUxNzI4MDcxNjI5MjExLmpwZw==\"\/>\n\t\t\t\t\t\t<img data-src=\"\/\/ochomogocr.com\/wp-content\/uploads\/2024\/09\/Servicios-Back-Hoe.jpeg\" data-libid=\"1545\" data-lib=\"medialibrary\" title=\"Servicios Back Hoe\" width=\"0\" height=\"0\" data-dbsrc=\"Ly9vY2hvbW9nb2NyLmNvbS93cC1jb250ZW50L3VwbG9hZHMvMjAyNC8wOS9TZXJ2aWNpb3MtQmFjay1Ib2UuanBlZw==\"\/>\n\t\t\t\t\t\t<img loading=\"lazy\" data-src=\"\/\/ochomogocr.com\/wp-content\/uploads\/2024\/09\/excavadora-cavando-suelo-luz-dia-1-scaled.jpg\" data-libid=\"1550\" data-lib=\"medialibrary\" title=\"excavadora-cavando-suelo-luz-dia (1)\" width=\"0\" height=\"0\" data-dbsrc=\"Ly9vY2hvbW9nb2NyLmNvbS93cC1jb250ZW50L3VwbG9hZHMvMjAyNC8wOS9leGNhdmFkb3JhLWNhdmFuZG8tc3VlbG8tbHV6LWRpYS0xLXNjYWxlZC5qcGc=\"\/>\n\t\t\t\t\t<\/image_lists>\n\t\t\t\t<\/sr7-module>\n\t\t\t\t<script>\n\t\t\t\t\tSR7.PMH ??={}; SR7.PMH[\"SR7_2_1\"] = {cn:0,state:false,fn: function() { if (_tpt!==undefined && _tpt.prepareModuleHeight !== undefined) {  _tpt.prepareModuleHeight({id:\"SR7_2_1\",el:[650,650,650,650,720],type:'standard',shdw:'0',gh:[650,650,650,650,720],gw:[1230,1230,1230,1230,480],vpt:['100px&#039;,&#039;100px&#039;,&#039;100px&#039;,&#039;100px&#039;,&#039;100px'],size:{fullWidth:false, fullHeight:false},mh:'0',onh:0,onw:0,bg:{color:'{\"type\":\"solid\",\"orig\":\"\",\"string\":\"rgba(0, 0, 0, 1)\"}'},plType:'2',plColor:'#FFFFFF'});   SR7.PMH[\"SR7_2_1\"].state=true;} else if((SR7.PMH[\"SR7_2_1\"].cn++)<100)\tsetTimeout( SR7.PMH[\"SR7_2_1\"].fn,19);}};SR7.PMH[\"SR7_2_1\" ].fn();\n\t\t\t\t<\/script>\n<\/div>\n\n\t\t\t\t<\/div>\n\t\t\t\t<\/div>\n\t\t\t\t\t<\/div>\n\t\t<\/div>\n\t\t\t\t\t<\/div>\n\t\t<\/section>\n\t\t\t\t<section class=\"elementor-section elementor-top-section elementor-element elementor-element-22fb0985 inverted-row elementor-section-boxed elementor-section-height-default elementor-section-height-default\" data-id=\"22fb0985\" data-element_type=\"section\" data-settings=\"{&quot;background_background&quot;:&quot;classic&quot;}\">\n\t\t\t\t\t\t<div class=\"elementor-container elementor-column-gap-wide\">\n\t\t\t\t\t<div class=\"elementor-column elementor-col-33 elementor-top-column elementor-element elementor-element-60eb3d\" data-id=\"60eb3d\" data-element_type=\"column\">\n\t\t\t<div class=\"elementor-widget-wrap elementor-element-populated\">\n\t\t\t\t\t\t<div class=\"elementor-element elementor-element-18d8a4ce elementor-widget elementor-widget-wpc-featured-box\" data-id=\"18d8a4ce\" data-element_type=\"widget\" data-widget_type=\"wpc-featured-box.default\">\n\t\t\t\t<div class=\"elementor-widget-container\">\n\t\t\t<div class=\"wpb_content_element featured-box\" >\n\t\t\t\t<div class=\"featured-box-thumb\"><a title=\"Nuestros Proyectos\" target=\"\" href=\"https:\/\/ochomogocr.com\/?page_id=370\"><img decoding=\"async\" src=\"https:\/\/ochomogocr.com\/wp-content\/uploads\/2024\/09\/Proyecto-2.2-600x300.jpeg\"><\/a><\/div>\n\t\t\t<div class=\"featured-box-content\"><h4>Nuestros Proyectos<\/h4>\n\t\t\t\t\t<div class=\"featured-box-desc\"><p>Con m\u00e1s de 20 a\u00f1os de experiencia en el campo de los agregados, Quebrador Ochomogo impulsa proyectos de infraestructura que fortalecen el desarrollo de Cartago y m\u00e1s all\u00e1. Descubre c\u00f3mo innovamos en cada obra<\/p>\n\t\t\t\t\t<\/div>\n\t\t\t\t\t<div class=\"featured-box-button\">\n\t\t\t\t\t\t<a title=\"Nuestros Proyectos\" target=\"\" href=\"https:\/\/ochomogocr.com\/?page_id=370\" class=\"\">Ver proyectos<\/a>\n\t\t\t\t\t<\/div>\n\t\t\t<\/div><\/div>\t\t<\/div>\n\t\t\t\t<\/div>\n\t\t\t\t\t<\/div>\n\t\t<\/div>\n\t\t\t\t<div class=\"elementor-column elementor-col-33 elementor-top-column elementor-element elementor-element-33e028cf\" data-id=\"33e028cf\" data-element_type=\"column\">\n\t\t\t<div class=\"elementor-widget-wrap elementor-element-populated\">\n\t\t\t\t\t\t<div class=\"elementor-element elementor-element-764510ba elementor-widget elementor-widget-wpc-featured-box\" data-id=\"764510ba\" data-element_type=\"widget\" data-widget_type=\"wpc-featured-box.default\">\n\t\t\t\t<div class=\"elementor-widget-container\">\n\t\t\t<div class=\"wpb_content_element featured-box\" >\n\t\t\t\t<div class=\"featured-box-thumb\"><a title=\"Nuestros Productos\" target=\"\" href=\"https:\/\/ochomogocr.com\/?page_id=9\"><img decoding=\"async\" src=\"https:\/\/ochomogocr.com\/wp-content\/uploads\/2024\/09\/Piedra-200-mm-Gavio\u0301n-600x300.jpeg\"><\/a><\/div>\n\t\t\t<div class=\"featured-box-content\"><h4>Nuestros Productos<\/h4>\n\t\t\t\t\t<div class=\"featured-box-desc\"><p>Ofrecemos agregados confiables y vers\u00e1tiles para todo tipo de proyectos, con la garant\u00eda de calidad y una disponibilidad constante.<\/p>\n\t\t\t\t\t<\/div>\n\t\t\t\t\t<div class=\"featured-box-button\">\n\t\t\t\t\t\t<a title=\"Nuestros Productos\" target=\"\" href=\"https:\/\/ochomogocr.com\/?page_id=9\" class=\"\">Ver productos<\/a>\n\t\t\t\t\t<\/div>\n\t\t\t<\/div><\/div>\t\t<\/div>\n\t\t\t\t<\/div>\n\t\t\t\t\t<\/div>\n\t\t<\/div>\n\t\t\t\t<div class=\"elementor-column elementor-col-33 elementor-top-column elementor-element elementor-element-6698e779\" data-id=\"6698e779\" data-element_type=\"column\">\n\t\t\t<div class=\"elementor-widget-wrap elementor-element-populated\">\n\t\t\t\t\t\t<div class=\"elementor-element elementor-element-5899f6b6 elementor-widget elementor-widget-wpc-featured-box\" data-id=\"5899f6b6\" data-element_type=\"widget\" data-widget_type=\"wpc-featured-box.default\">\n\t\t\t\t<div class=\"elementor-widget-container\">\n\t\t\t<div class=\"wpb_content_element featured-box\" >\n\t\t\t\t<div class=\"featured-box-thumb\"><a title=\"Servicios Especializados\" target=\"\" href=\"https:\/\/ochomogocr.com\/?page_id=17\"><img decoding=\"async\" src=\"https:\/\/ochomogocr.com\/wp-content\/uploads\/2024\/09\/excavadora-cavando-suelo-luz-dia-1-1-600x300.jpg\"><\/a><\/div>\n\t\t\t<div class=\"featured-box-content\"><h4>Servicios Especializados<\/h4>\n\t\t\t\t\t<div class=\"featured-box-desc\"><p>Soluciones personalizadas en agregados y mantenimiento, dise\u00f1adas para optimizar cada proyecto de construcci\u00f3n.<\/p>\n\t\t\t\t\t<\/div>\n\t\t\t\t\t<div class=\"featured-box-button\">\n\t\t\t\t\t\t<a title=\"Servicios Especializados\" target=\"\" href=\"https:\/\/ochomogocr.com\/?page_id=17\" class=\"\">Ver servicios<\/a>\n\t\t\t\t\t<\/div>\n\t\t\t<\/div><\/div>\t\t<\/div>\n\t\t\t\t<\/div>\n\t\t\t\t\t<\/div>\n\t\t<\/div>\n\t\t\t\t\t<\/div>\n\t\t<\/section>\n\t\t\t\t<section class=\"elementor-section elementor-top-section elementor-element elementor-element-62bdc5f8 elementor-section-full_width elementor-section-height-default elementor-section-height-default\" data-id=\"62bdc5f8\" data-element_type=\"section\" data-settings=\"{&quot;background_background&quot;:&quot;classic&quot;}\">\n\t\t\t\t\t\t\t<div class=\"elementor-background-overlay\"><\/div>\n\t\t\t\t\t\t\t<div class=\"elementor-container elementor-column-gap-default\">\n\t\t\t\t\t<div class=\"elementor-column elementor-col-100 elementor-top-column elementor-element elementor-element-4eecea63\" data-id=\"4eecea63\" data-element_type=\"column\">\n\t\t\t<div class=\"elementor-widget-wrap elementor-element-populated\">\n\t\t\t\t\t\t<section class=\"elementor-section elementor-inner-section elementor-element elementor-element-589928a2 elementor-section-boxed elementor-section-height-default elementor-section-height-default\" data-id=\"589928a2\" data-element_type=\"section\">\n\t\t\t\t\t\t<div class=\"elementor-container elementor-column-gap-default\">\n\t\t\t\t\t<div class=\"elementor-column elementor-col-50 elementor-inner-column elementor-element elementor-element-4e0ff43c\" data-id=\"4e0ff43c\" data-element_type=\"column\">\n\t\t\t<div class=\"elementor-widget-wrap elementor-element-populated\">\n\t\t\t\t\t\t<div class=\"elementor-element elementor-element-1ba6c8a0 elementor-widget elementor-widget-text-editor\" data-id=\"1ba6c8a0\" data-element_type=\"widget\" data-widget_type=\"text-editor.default\">\n\t\t\t\t<div class=\"elementor-widget-container\">\n\t\t\t\t\t\t\t<h5 class=\"medium-heading-inverted\"><em>Colaborando en la construcci\u00f3n de Cartago<\/em><\/h5><h1 class=\"large-heading-inverted\">Agregados de calidad para proyectos exitosos desde 2012<\/h1>\t\t\t\t\t\t<\/div>\n\t\t\t\t<\/div>\n\t\t\t\t<div class=\"elementor-element elementor-element-4cee60c8 elementor-widget elementor-widget-button\" data-id=\"4cee60c8\" data-element_type=\"widget\" data-widget_type=\"button.default\">\n\t\t\t\t<div class=\"elementor-widget-container\">\n\t\t\t\t\t<div class=\"elementor-button-wrapper\">\n\t\t\t<a class=\"elementor-button elementor-button-link elementor-size-sm\" href=\"https:\/\/ochomogocr.com\/?page_id=25\">\n\t\t\t\t\t\t<span class=\"elementor-button-content-wrapper\">\n\t\t\t\t\t\t\t\t\t<span class=\"elementor-button-text\">Solicita una cotizaci\u00f3n<\/span>\n\t\t\t\t\t<\/span>\n\t\t\t\t\t<\/a>\n\t\t<\/div>\n\t\t\t\t<\/div>\n\t\t\t\t<\/div>\n\t\t\t\t\t<\/div>\n\t\t<\/div>\n\t\t\t\t<div class=\"elementor-column elementor-col-50 elementor-inner-column elementor-element elementor-element-2645d56d\" data-id=\"2645d56d\" data-element_type=\"column\">\n\t\t\t<div class=\"elementor-widget-wrap\">\n\t\t\t\t\t\t\t<\/div>\n\t\t<\/div>\n\t\t\t\t\t<\/div>\n\t\t<\/section>\n\t\t\t\t\t<\/div>\n\t\t<\/div>\n\t\t\t\t\t<\/div>\n\t\t<\/section>\n\t\t\t\t<section class=\"elementor-section elementor-top-section elementor-element elementor-element-421afac8 elementor-section-boxed elementor-section-height-default elementor-section-height-default\" data-id=\"421afac8\" data-element_type=\"section\">\n\t\t\t\t\t\t<div class=\"elementor-container elementor-column-gap-wide\">\n\t\t\t\t\t<div class=\"elementor-column elementor-col-100 elementor-top-column elementor-element elementor-element-3eb8cdb2\" data-id=\"3eb8cdb2\" data-element_type=\"column\">\n\t\t\t<div class=\"elementor-widget-wrap elementor-element-populated\">\n\t\t\t\t\t\t<div class=\"elementor-element elementor-element-298d3222 elementor-widget elementor-widget-wpc-custom-heading\" data-id=\"298d3222\" data-element_type=\"widget\" data-widget_type=\"wpc-custom-heading.default\">\n\t\t\t\t<div class=\"elementor-widget-container\">\n\t\t\t\n        <div class=\"custom-heading wpb_content_element \">\n            <h2 class=\"heading-title\" >\u00bfQu\u00e9 Hacemos?<\/h2>\n            <span class=\"heading-line primary\"><\/span>\n        <\/div>\t\t<\/div>\n\t\t\t\t<\/div>\n\t\t\t\t<div class=\"elementor-element elementor-element-572fa8cc elementor-widget elementor-widget-wpc-page-children\" data-id=\"572fa8cc\" data-element_type=\"widget\" data-widget_type=\"wpc-page-children.default\">\n\t\t\t\t<div class=\"elementor-widget-container\">\n\t\t\t\n\t\t\t<div class=\"child-page-wrapper\">\n\t\t\t<script type=\"text\/javascript\">\n\t\t\t\tjQuery(document).ready(function(){\n\t\t\t\t\t\"use strict\";\n\t\t\t\t\tjQuery(\".carousel-wrapper-69e1003f4e60c\").slick({\n\t\t\t\t\t\trtl: false,\n\t\t\t\t\t\tslidesToShow: 3,\n                        autoplay: false ,\n                        autoplaySpeed: 3000 ,\n                        speed: 300 ,\n\t\t\t\t\t\tslidesToScroll: 1,\n\t\t\t\t\t\tdraggable: false,\n\t\t\t\t\t\tprevArrow: \"<span class='carousel-prev'><i class='fa fa-angle-left'><\/i><\/span>\",\n        \t\t\t\tnextArrow: \"<span class='carousel-next'><i class='fa fa-angle-right'><\/i><\/span>\",\n        \t\t\t\tresponsive: [{\n\t\t\t\t\t\t    breakpoint: 1024,\n\t\t\t\t\t\t    settings: {\n\t\t\t\t\t\t    slidesToShow: 3\n\t\t\t\t\t\t    }\n\t\t\t\t\t\t},\n\t\t\t\t\t\t{\n\t\t\t\t\t\t    breakpoint: 600,\n\t\t\t\t\t\t    settings: {\n\t\t\t\t\t\t    slidesToShow: 2\n\t\t\t\t\t\t    }\n\t\t\t\t\t\t},\n\t\t\t\t\t\t{\n\t\t\t\t\t\t    breakpoint: 480,\n\t\t\t\t\t\t    settings: {\n\t\t\t\t\t\t    slidesToShow: 1\n\t\t\t\t\t\t    }\n\t\t\t\t\t\t}]\n\t\t\t\t\t});\n\t\t\t\t});\n\t\t\t<\/script>\n\t\t<div class=\"grid-wrapper grid-3-columns grid-row carousel-wrapper-69e1003f4e60c\">\n\t\t\t<div class=\"grid-item grid-sm-6 grid-md-4\">\n\t\t\t\t<div class=\"grid-thumbnail\">\n\t\t\t\t\t<a href=\"https:\/\/ochomogocr.com\/?page_id=47\" title=\"Alquiler de maquinaria pesada\"><img loading=\"lazy\" decoding=\"async\" width=\"600\" height=\"300\" src=\"https:\/\/ochomogocr.com\/wp-content\/uploads\/2024\/10\/Imagen1-600x300.png\" class=\"attachment-medium-thumb size-medium-thumb wp-post-image\" alt=\"\" srcset=\"https:\/\/ochomogocr.com\/wp-content\/uploads\/2024\/10\/Imagen1-600x300.png 600w, https:\/\/ochomogocr.com\/wp-content\/uploads\/2024\/10\/Imagen1-400x200.png 400w\" sizes=\"(max-width: 600px) 100vw, 600px\" \/><\/a>\n\t\t\t\t<\/div>\n\t\t\t\t<h3 class=\"grid-title\"><a href=\"https:\/\/ochomogocr.com\/?page_id=47\" rel=\"bookmark\">Alquiler de maquinaria pesada<\/a><\/h3>\n\n\t\t\t\t<p>Alquila maquinaria pesada moderna y bien mantenida, con opciones de operadores calificados y planes flexibles adaptados a tus necesidades.<\/p>\n\n\t\t\t\t<a class=\"grid-more\" href=\"https:\/\/ochomogocr.com\/?page_id=47\" title=\"Alquiler de maquinaria pesada\">Leer M\u00e1s<\/a>\n\n\t\t\t<\/div>\n\t\t\t\n\t\t\t<div class=\"grid-item grid-sm-6 grid-md-4\">\n\t\t\t\t<div class=\"grid-thumbnail\">\n\t\t\t\t\t<a href=\"https:\/\/ochomogocr.com\/?page_id=203\" title=\"Servicio de transporte\"><img loading=\"lazy\" decoding=\"async\" width=\"600\" height=\"300\" src=\"https:\/\/ochomogocr.com\/wp-content\/uploads\/2024\/10\/Imagen3-600x300.png\" class=\"attachment-medium-thumb size-medium-thumb wp-post-image\" alt=\"\" srcset=\"https:\/\/ochomogocr.com\/wp-content\/uploads\/2024\/10\/Imagen3-600x300.png 600w, https:\/\/ochomogocr.com\/wp-content\/uploads\/2024\/10\/Imagen3-400x200.png 400w\" sizes=\"(max-width: 600px) 100vw, 600px\" \/><\/a>\n\t\t\t\t<\/div>\n\t\t\t\t<h3 class=\"grid-title\"><a href=\"https:\/\/ochomogocr.com\/?page_id=203\" rel=\"bookmark\">Servicio de transporte<\/a><\/h3>\n\n\t\t\t\t<p>Transporte seguro y puntual de materiales de construcci\u00f3n a tu obra. Adaptamos nuestras entregas a tus necesidades para garantizar que tus proyectos no se detengan.<\/p>\n\n\t\t\t\t<a class=\"grid-more\" href=\"https:\/\/ochomogocr.com\/?page_id=203\" title=\"Servicio de transporte\">Leer M\u00e1s<\/a>\n\n\t\t\t<\/div>\n\t\t\t\n\t\t\t<div class=\"grid-item grid-sm-6 grid-md-4\">\n\t\t\t\t<div class=\"grid-thumbnail\">\n\t\t\t\t\t<a href=\"https:\/\/ochomogocr.com\/?page_id=37\" title=\"Alquiler de Viviendas\"><img loading=\"lazy\" decoding=\"async\" width=\"600\" height=\"300\" src=\"https:\/\/ochomogocr.com\/wp-content\/uploads\/2024\/10\/Imagen4-600x300.png\" class=\"attachment-medium-thumb size-medium-thumb wp-post-image\" alt=\"\" srcset=\"https:\/\/ochomogocr.com\/wp-content\/uploads\/2024\/10\/Imagen4-600x300.png 600w, https:\/\/ochomogocr.com\/wp-content\/uploads\/2024\/10\/Imagen4-400x200.png 400w\" sizes=\"(max-width: 600px) 100vw, 600px\" \/><\/a>\n\t\t\t\t<\/div>\n\t\t\t\t<h3 class=\"grid-title\"><a href=\"https:\/\/ochomogocr.com\/?page_id=37\" rel=\"bookmark\">Alquiler de Viviendas<\/a><\/h3>\n\n\t\t\t\t<p>Encuentra la vivienda perfecta en ubicaciones privilegiadas. Propiedades modernas, bien mantenidas, y con opciones de alquiler flexibles<\/p>\n\n\t\t\t\t<a class=\"grid-more\" href=\"https:\/\/ochomogocr.com\/?page_id=37\" title=\"Alquiler de Viviendas\">Leer M\u00e1s<\/a>\n\n\t\t\t<\/div>\n\t\t\t\n\t\t\t<div class=\"grid-item grid-sm-6 grid-md-4\">\n\t\t\t\t<div class=\"grid-thumbnail\">\n\t\t\t\t\t<a href=\"https:\/\/ochomogocr.com\/?page_id=35\" title=\"Servicio de reparaci\u00f3n y mantenimiento de equipo amarillo\"><img loading=\"lazy\" decoding=\"async\" width=\"600\" height=\"300\" src=\"https:\/\/ochomogocr.com\/wp-content\/uploads\/2024\/10\/Imagen2-600x300.jpg\" class=\"attachment-medium-thumb size-medium-thumb wp-post-image\" alt=\"\" srcset=\"https:\/\/ochomogocr.com\/wp-content\/uploads\/2024\/10\/Imagen2-600x300.jpg 600w, https:\/\/ochomogocr.com\/wp-content\/uploads\/2024\/10\/Imagen2-400x200.jpg 400w\" sizes=\"(max-width: 600px) 100vw, 600px\" \/><\/a>\n\t\t\t\t<\/div>\n\t\t\t\t<h3 class=\"grid-title\"><a href=\"https:\/\/ochomogocr.com\/?page_id=35\" rel=\"bookmark\">Servicio de reparaci\u00f3n y mantenimiento de equipo amarillo<\/a><\/h3>\n\n\t\t\t\t<p>Asegura la eficiencia de tu maquinaria con nuestro servicio de reparaci\u00f3n y mantenimiento especializado. Con m\u00e1s de 20 a\u00f1os de experiencia, ofrecemos soluciones efectivas para prolongar la vida \u00fatil de tu equipo.<\/p>\n\n\t\t\t\t<a class=\"grid-more\" href=\"https:\/\/ochomogocr.com\/?page_id=35\" title=\"Servicio de reparaci\u00f3n y mantenimiento de equipo amarillo\">Leer M\u00e1s<\/a>\n\n\t\t\t<\/div>\n\t\t\t\n\t\t<\/div>\n\t\t\t<\/div>\t\t<\/div>\n\t\t\t\t<\/div>\n\t\t\t\t\t<\/div>\n\t\t<\/div>\n\t\t\t\t\t<\/div>\n\t\t<\/section>\n\t\t\t\t<\/div>\n\t\t","protected":false},"excerpt":{"rendered":"<p>Nuestros Proyectos Con m\u00e1s de 20 a\u00f1os de experiencia en el campo de los agregados, Quebrador Ochomogo impulsa proyectos de infraestructura &#8230;<\/p>\n","protected":false},"author":1,"featured_media":0,"parent":0,"menu_order":0,"comment_status":"open","ping_status":"open","template":"","meta":{"footnotes":""},"class_list":["post-1506","page","type-page","status-publish","hentry"],"_links":{"self":[{"href":"https:\/\/ochomogocr.com\/index.php?rest_route=\/wp\/v2\/pages\/1506","targetHints":{"allow":["GET"]}}],"collection":[{"href":"https:\/\/ochomogocr.com\/index.php?rest_route=\/wp\/v2\/pages"}],"about":[{"href":"https:\/\/ochomogocr.com\/index.php?rest_route=\/wp\/v2\/types\/page"}],"author":[{"embeddable":true,"href":"https:\/\/ochomogocr.com\/index.php?rest_route=\/wp\/v2\/users\/1"}],"replies":[{"embeddable":true,"href":"https:\/\/ochomogocr.com\/index.php?rest_route=%2Fwp%2Fv2%2Fcomments&post=1506"}],"version-history":[{"count":42,"href":"https:\/\/ochomogocr.com\/index.php?rest_route=\/wp\/v2\/pages\/1506\/revisions"}],"predecessor-version":[{"id":1902,"href":"https:\/\/ochomogocr.com\/index.php?rest_route=\/wp\/v2\/pages\/1506\/revisions\/1902"}],"wp:attachment":[{"href":"https:\/\/ochomogocr.com\/index.php?rest_route=%2Fwp%2Fv2%2Fmedia&parent=1506"}],"curies":[{"name":"wp","href":"https:\/\/api.w.org\/{rel}","templated":true}]}}